{"id":260,"date":"2020-04-23T15:43:37","date_gmt":"2020-04-23T13:43:37","guid":{"rendered":"https:\/\/hydrotx.eu\/hydrotx-entrance-mats-with-hydrotx-absorb-3-times-more-moisture-in-the-first-steps\/"},"modified":"2021-11-10T09:21:02","modified_gmt":"2021-11-10T08:21:02","slug":"hydrotx-eingangsmatten-mit-hydrotx-absorbieren-dreimal-so-viel-feuchtigkeit-bei-den-ersten-schritten","status":"publish","type":"page","link":"https:\/\/hydrotx.eu\/de\/","title":{"rendered":"HydroTX &#8211; Eingangsmatten mit HydroTX absorbieren dreimal so viel Feuchtigkeit bei den ersten Schritten"},"content":{"rendered":"<p>[et_pb_section fb_built=&#8220;1&#8243; fullwidth=&#8220;on&#8220; _builder_version=&#8220;4.4.3&#8243; global_colors_info=&#8220;{}&#8220;][et_pb_fullwidth_header text_orientation=&#8220;center&#8220; header_fullscreen=&#8220;on&#8220; header_scroll_down=&#8220;on&#8220; content_max_width=&#8220;85%&#8220; content_tablet=&#8220;&#8220; content_phone=&#8220;<\/p>\n<h1>Eingangsmatten mit HydroTX<br \/>\nabsorbieren <span style=%22color: #ffffff;%22>dreimal so viel <\/span> Feuchtigkeit<br \/>\nbei den ersten Schritten<\/h1>\n<p>&#8220; content_last_edited=&#8220;on|phone&#8220; content_max_width_tablet=&#8220;&#8220; content_max_width_phone=&#8220;100%&#8220; content_max_width_last_edited=&#8220;on|phone&#8220; _builder_version=&#8220;4.10.8&#8243; title_font=&#8220;||||||||&#8220; title_text_align=&#8220;center&#8220; title_text_color=&#8220;#ecbd30&#8243; title_font_size=&#8220;68px&#8220; background_image=&#8220;https:\/\/hydrotx.eu\/wp-content\/uploads\/2020\/04\/HydroTX_background_intro.jpg&#8220; width=&#8220;100%&#8220; module_alignment=&#8220;center&#8220; custom_margin=&#8220;||||false|false&#8220; custom_margin_tablet=&#8220;&#8220; custom_margin_phone=&#8220;|0px||0px|false|false&#8220; custom_margin_last_edited=&#8220;on|phone&#8220; custom_padding=&#8220;|0px||0px|false|false&#8220; hover_enabled=&#8220;0&#8243; title_font_tablet=&#8220;&#8220; title_font_phone=&#8220;&#8220; title_font_last_edited=&#8220;on|phone&#8220; title_font_size_tablet=&#8220;&#8220; title_font_size_phone=&#8220;40px&#8220; title_font_size_last_edited=&#8220;on|phone&#8220; custom_css_content=&#8220;padding-top:200px;||&#8220; title_text_shadow_style=&#8220;preset3&#8243; title_text_shadow_color=&#8220;rgba(8,102,130,0.43)&#8220; global_colors_info=&#8220;{}&#8220; custom_css_content_last_edited=&#8220;on|phone&#8220; custom_css_content_phone=&#8220;padding-bottom:50px;||padding-top:200px;&#8220; sticky_enabled=&#8220;0&#8243;]<\/p>\n<h1><span>Eingangsmatten mit HydroTX<br \/>nehmen\u00a0in den ersten Schritten<br \/><\/span> <span style=\"color: #ffffff;\"><span>bis zu dreimal mehr<\/span> <\/span><span>Feuchtigkeit auf<\/span><\/h1>\n<p>[\/et_pb_fullwidth_header][\/et_pb_section][et_pb_section fb_built=&#8220;1&#8243; admin_label=&#8220;Situation&#8220; module_id=&#8220;Situation&#8220; _builder_version=&#8220;4.5.7&#8243; custom_padding=&#8220;75px||80px||false|false&#8220; global_colors_info=&#8220;{}&#8220;][et_pb_row column_structure=&#8220;1_2,1_2&#8243; _builder_version=&#8220;4.4.3&#8243; custom_padding=&#8220;||0px|||&#8220; global_colors_info=&#8220;{}&#8220;][et_pb_column type=&#8220;1_2&#8243; _builder_version=&#8220;4.4.3&#8243; global_colors_info=&#8220;{}&#8220;][et_pb_text _builder_version=&#8220;4.5.7&#8243; text_font=&#8220;||||||||&#8220; text_text_color=&#8220;#5f5f5f&#8220; text_line_height=&#8220;1.6em&#8220; header_2_font_size=&#8220;40px&#8220; header_3_font=&#8220;|700|||||||&#8220; global_colors_info=&#8220;{}&#8220;]<\/p>\n<h2>Nassen Fu\u00dfabdr\u00fccken vorbeugen<\/h2>\n<p>Regenwetter f\u00fchrt oft zu verschmutzten Eingangsbereichen. Standard-T\u00fcrmatten absorbieren nicht genug Feuchtigkeit, um nassen Fu\u00dfabdr\u00fccken auf dem Boden hinter der Matte vorzubeugen. Die Eingangsbereiche sehen dann unordentlich aus und k\u00f6nnen gef\u00e4hrlich sein, da man ausrutschen und auf den harten Boden fallen kann. Und die fortlaufende Reinigung und Trocknung \u00fcber den Tag hinweg w\u00fcrde zus\u00e4tzliche Kosten verursachen &#8211; die Facility Manager lieber vermeiden.<\/p>\n<h3>Wie funktioniert HydroTX?<\/h3>\n<p>Mit der HydroTX-Technologie k\u00f6nnen Eingangsmatten genau das tun, wozu sie bestimmt sind: Feuchtigkeit schneller aufnehmen und den Boden hinter der Matte sauber und trocken halten. Entdecken Sie den Unterschied zwischen einer Eingangsmatte mit HydroTX und einer Matte ohne diese neue Technologie.<\/p>\n<p>[\/et_pb_text][\/et_pb_column][et_pb_column type=&#8220;1_2&#8243; _builder_version=&#8220;4.4.3&#8243; global_colors_info=&#8220;{}&#8220;][et_pb_image src=&#8220;https:\/\/hydrotx.eu\/wp-content\/uploads\/2020\/05\/HydroTX_Wet_footprint_on_floor_high.jpg&#8220; show_bottom_space_tablet=&#8220;&#8220; show_bottom_space_phone=&#8220;&#8220; show_bottom_space_last_edited=&#8220;on|phone&#8220; _builder_version=&#8220;4.4.3&#8243; custom_padding=&#8220;0px||||false|false&#8220; custom_padding_tablet=&#8220;&#8220; custom_padding_phone=&#8220;30px||||false|false&#8220; custom_padding_last_edited=&#8220;on|phone&#8220; global_colors_info=&#8220;{}&#8220; src__hover_enabled=&#8220;on|desktop&#8220;][\/et_pb_image][\/et_pb_column][\/et_pb_row][\/et_pb_section][et_pb_section fb_built=&#8220;1&#8243; admin_label=&#8220;Absorbtion&#8220; module_id=&#8220;Losung&#8220; _builder_version=&#8220;4.5.7&#8243; use_background_color_gradient=&#8220;on&#8220; background_color_gradient_start=&#8220;#319292&#8243; background_color_gradient_end=&#8220;#73c5c1&#8243; custom_padding=&#8220;75px||80px||false|false&#8220; global_colors_info=&#8220;{}&#8220;][et_pb_row _builder_version=&#8220;4.4.3&#8243; width_tablet=&#8220;&#8220; width_phone=&#8220;100%&#8220; width_last_edited=&#8220;on|phone&#8220; module_alignment=&#8220;center&#8220; custom_padding=&#8220;0px||0px||false|false&#8220; global_colors_info=&#8220;{}&#8220;][et_pb_column type=&#8220;4_4&#8243; _builder_version=&#8220;4.4.3&#8243; global_colors_info=&#8220;{}&#8220;][et_pb_video src=&#8220;https:\/\/youtu.be\/tTLNH1Vojlc&#8220; image_src=&#8220;https:\/\/hydrotx.eu\/wp-content\/uploads\/2021\/11\/HydroTX_title-screen-video_DE.jpg&#8220; thumbnail_overlay_color=&#8220;rgba(0,0,0,0.6)&#8220; _builder_version=&#8220;4.10.8&#8243; width=&#8220;75%&#8220; module_alignment=&#8220;center&#8220; custom_margin=&#8220;||||false|false&#8220; custom_padding=&#8220;||||false|false&#8220; global_colors_info=&#8220;{}&#8220;][\/et_pb_video][\/et_pb_column][\/et_pb_row][\/et_pb_section][et_pb_section fb_built=&#8220;1&#8243; module_id=&#8220;Vorteile&#8220; _builder_version=&#8220;4.5.7&#8243; custom_padding=&#8220;80px||80px||false|false&#8220; global_colors_info=&#8220;{}&#8220;][et_pb_row column_structure=&#8220;1_2,1_2&#8243; _builder_version=&#8220;4.4.3&#8243; overflow-x=&#8220;hidden&#8220; custom_padding=&#8220;0px||0px|||&#8220; global_colors_info=&#8220;{}&#8220;][et_pb_column type=&#8220;1_2&#8243; _builder_version=&#8220;4.4.3&#8243; global_colors_info=&#8220;{}&#8220;][et_pb_text _builder_version=&#8220;4.5.7&#8243; text_line_height=&#8220;1.6em&#8220; header_2_font=&#8220;||||||||&#8220; header_2_font_size=&#8220;40px&#8220; header_2_font_size_tablet=&#8220;&#8220; header_2_font_size_phone=&#8220;36px&#8220; header_2_font_size_last_edited=&#8220;on|phone&#8220; global_colors_info=&#8220;{}&#8220;]<\/p>\n<h2>Schnelle Feuchtigkeitsabsorption<\/h2>\n<p>HydroTX ist eine Technologie, die eine spezifische Textilkonstruktion verwendet. Die einzigartige Kombination sorgt f\u00fcr eine schnelle Feuchtigkeitsaufnahme und ist \u00e4u\u00dferst verschlei\u00dffest. Diese Kombination von Eigenschaften macht HydroTX \u00e4u\u00dferst geeignet f\u00fcr den Einsatz in kommerziellen Matten.<\/p>\n<h3>HydroTX wirkt innerhalb weniger Schritte<\/h3>\n<p>Normale Eingangsmatten ben\u00f6tigen zur optimalen Funktion ausreichend Laufmeter. Eine Eingangsmatte mit HydroTX ist viel praktischer: Die Matte nimmt innerhalb weniger Schritte <span>bis zu <\/span>dreimal mehr Feuchtigkeit auf.<\/p>\n<h3>Hohe Verschlei\u00dffestigkeit<\/h3>\n<p>Der Eingang ist der verkehrsreichste Bereich eines Geb\u00e4udes. Eine hohe Verschlei\u00dffestigkeit ist daher eine Selbstverst\u00e4ndlichkeit f\u00fcr Eingangsmatten. Die HydroTX-Technologie beeintr\u00e4chtigt diese gew\u00fcnschte hohe Verschlei\u00dffestigkeit nicht. Sie kann in Produkten verwendet werden, die f\u00fcr den gewerblichen Einsatz bestimmt sind (EN1307 &#8211; Nutzungsklassen 32 und 33).<\/p>\n<h3>Sauber und sicher<\/h3>\n<p>99 % der Menschen wischen sich beim Betreten eines Geb\u00e4udes nicht oder kaum die F\u00fc\u00dfe ab. Dank HydroTX sind die Eing\u00e4nge viel sauberer. Es verhindert den Abdruck von nassen Schuhsohlen, einen rutschigen Boden und damit gef\u00e4hrliche Situationen.<\/p>\n<p>[\/et_pb_text][\/et_pb_column][et_pb_column type=&#8220;1_2&#8243; _builder_version=&#8220;4.4.3&#8243; vertical_offset=&#8220;90px&#8220; custom_padding=&#8220;|||70px|false|false&#8220; custom_padding_tablet=&#8220;&#8220; custom_padding_phone=&#8220;|||0px|false|false&#8220; custom_padding_last_edited=&#8220;on|tablet&#8220; global_colors_info=&#8220;{}&#8220;][et_pb_text disabled_on=&#8220;on|off|off&#8220; module_class=&#8220;highlights&#8220; _builder_version=&#8220;4.5.7&#8243; text_font=&#8220;|700|||||||&#8220; text_text_color=&#8220;#ecbd30&#8243; text_font_size=&#8220;21px&#8220; width=&#8220;100%&#8220; scroll_horizontal_motion_enable=&#8220;on&#8220; scroll_horizontal_motion=&#8220;0|25|100|100|4|0|-4&#8243; global_colors_info=&#8220;{}&#8220;]<\/p>\n<div class=\"highlightcontainerleft\">\n<p><img loading=\"lazy\" decoding=\"async\" src=\"https:\/\/hydrotx.eu\/wp-content\/uploads\/2020\/05\/HydroTX_Ellipse_first_steps_V3.png\" width=\"160\" height=\"160\" alt=\"\" class=\"wp-image-59 alignnone size-full\" \/><\/p>\n<p class=\"highlighttext\">Wirkt bereits innerhalb weniger Schritte<\/p>\n<\/div>\n<p>[\/et_pb_text][et_pb_text disabled_on=&#8220;off|on|on&#8220; module_class=&#8220;highlights&#8220; _builder_version=&#8220;4.5.7&#8243; text_font=&#8220;|700|||||||&#8220; text_text_color=&#8220;#ecbd30&#8243; text_font_size=&#8220;21px&#8220; width=&#8220;100%&#8220; scroll_horizontal_motion_enable=&#8220;on&#8220; scroll_horizontal_motion=&#8220;0|25|100|100|4|0|-4&#8243; global_colors_info=&#8220;{}&#8220;]<\/p>\n<p><img loading=\"lazy\" decoding=\"async\" src=\"https:\/\/hydrotx.eu\/wp-content\/uploads\/2020\/05\/HydroTX_Ellipse_first_steps_V3.png\" width=\"160\" height=\"160\" alt=\"\" class=\"wp-image-59 alignnone size-full\" style=\"display: block; margin-left: auto; margin-right: auto;\" \/><\/p>\n<p style=\"text-align: center;\">Wirkt bereits innerhalb weniger Schritte<\/p>\n<p>[\/et_pb_text][et_pb_text disabled_on=&#8220;on|off|off&#8220; module_class=&#8220;highlights&#8220; _builder_version=&#8220;4.5.7&#8243; text_font=&#8220;|700|||||||&#8220; text_text_color=&#8220;#ecbd30&#8243; text_font_size=&#8220;21px&#8220; scroll_horizontal_motion_enable=&#8220;on&#8220; scroll_horizontal_motion=&#8220;0|27|100|100|4|0|-4&#8243; global_colors_info=&#8220;{}&#8220;]<\/p>\n<div class=\"highlightcontainerright\">\n<p class=\"highlighttext\">Hohe Verschlei\u00dffestigkeit<\/p>\n<p><img loading=\"lazy\" decoding=\"async\" src=\"https:\/\/hydrotx.eu\/wp-content\/uploads\/2020\/05\/HydroTX_Ellipse_commercial_use_V3.png\" width=\"160\" height=\"160\" alt=\"\" class=\"wp-image-59 alignnone size-full\" \/><\/div>\n<p>[\/et_pb_text][et_pb_text disabled_on=&#8220;off|on|on&#8220; module_class=&#8220;highlights&#8220; _builder_version=&#8220;4.5.7&#8243; text_font=&#8220;|700|||||||&#8220; text_text_color=&#8220;#ecbd30&#8243; text_font_size=&#8220;21px&#8220; scroll_horizontal_motion_enable=&#8220;on&#8220; scroll_horizontal_motion=&#8220;0|27|100|100|4|0|-4&#8243; global_colors_info=&#8220;{}&#8220;]<\/p>\n<p><img loading=\"lazy\" decoding=\"async\" src=\"https:\/\/hydrotx.eu\/wp-content\/uploads\/2020\/05\/HydroTX_Ellipse_commercial_use_V3.png\" width=\"160\" height=\"160\" alt=\"\" class=\"wp-image-59 alignnone size-full\" style=\"display: block; margin-left: auto; margin-right: auto;\" \/><\/p>\n<p style=\"text-align: center;\">Hohe Verschlei\u00dffestigkeit<\/p>\n<p>[\/et_pb_text][et_pb_text disabled_on=&#8220;on|off|off&#8220; module_class=&#8220;highlights&#8220; _builder_version=&#8220;4.5.7&#8243; text_font=&#8220;|700|||||||&#8220; text_text_color=&#8220;#ecbd30&#8243; text_font_size=&#8220;21px&#8220; scroll_horizontal_motion_enable=&#8220;on&#8220; scroll_horizontal_motion=&#8220;0|27|100|100|4|0|-4&#8243; global_colors_info=&#8220;{}&#8220;]<\/p>\n<div class=\"highlightcontainerleft\"><img loading=\"lazy\" decoding=\"async\" src=\"https:\/\/hydrotx.eu\/wp-content\/uploads\/2020\/05\/HydroTX_Ellipse_clean_and_safe_V2.png\" width=\"160\" height=\"160\" alt=\"\" class=\"wp-image-59 alignnone size-full\" \/><\/p>\n<p class=\"highlighttext\">Sauber und sicher<\/p>\n<\/div>\n<p>[\/et_pb_text][et_pb_text disabled_on=&#8220;off|on|on&#8220; module_class=&#8220;highlights&#8220; _builder_version=&#8220;4.5.7&#8243; text_font=&#8220;|700|||||||&#8220; text_text_color=&#8220;#ecbd30&#8243; text_font_size=&#8220;21px&#8220; scroll_horizontal_motion_enable=&#8220;on&#8220; scroll_horizontal_motion=&#8220;0|27|100|100|4|0|-4&#8243; global_colors_info=&#8220;{}&#8220;]<\/p>\n<p><img loading=\"lazy\" decoding=\"async\" src=\"https:\/\/hydrotx.eu\/wp-content\/uploads\/2020\/05\/HydroTX_Ellipse_clean_and_safe_V2.png\" width=\"160\" height=\"160\" alt=\"\" class=\"wp-image-59 alignnone size-full\" style=\"display: block; margin-left: auto; margin-right: auto;\" \/><\/p>\n<p style=\"text-align: center;\">Sauber und sicher<\/p>\n<p>[\/et_pb_text][\/et_pb_column][\/et_pb_row][\/et_pb_section][et_pb_section fb_built=&#8220;1&#8243; admin_label=&#8220;Contact&#8220; module_id=&#8220;Kontakt&#8220; _builder_version=&#8220;4.5.7&#8243; use_background_color_gradient=&#8220;on&#8220; background_color_gradient_start=&#8220;#319292&#8243; background_color_gradient_end=&#8220;#73c5c1&#8243; global_colors_info=&#8220;{}&#8220;][et_pb_row _builder_version=&#8220;4.4.3&#8243; global_colors_info=&#8220;{}&#8220;][et_pb_column type=&#8220;4_4&#8243; _builder_version=&#8220;4.4.3&#8243; global_colors_info=&#8220;{}&#8220;][et_pb_text _builder_version=&#8220;4.5.7&#8243; text_text_color=&#8220;#ffffff&#8220; header_2_text_align=&#8220;center&#8220; header_2_text_color=&#8220;#ffffff&#8220; header_2_font_size=&#8220;64px&#8220; header_3_text_color=&#8220;#ffffff&#8220; header_3_font_size=&#8220;38px&#8220; header_font_size_tablet=&#8220;&#8220; header_font_size_phone=&#8220;25px&#8220; header_font_size_last_edited=&#8220;on|phone&#8220; header_2_font_size_tablet=&#8220;&#8220; header_2_font_size_phone=&#8220;52px&#8220; header_2_font_size_last_edited=&#8220;on|desktop&#8220; global_colors_info=&#8220;{}&#8220;]<\/p>\n<h2 style=\"text-align: center;\">M\u00f6chten Sie mehr \u00fcber die <\/br>HydroTX-Technologie erfahren?<\/h2>\n<p>[\/et_pb_text][et_pb_text _builder_version=&#8220;4.5.7&#8243; text_text_color=&#8220;#ffffff&#8220; header_2_text_align=&#8220;center&#8220; header_2_text_color=&#8220;#ffffff&#8220; header_2_font_size=&#8220;65px&#8220; header_3_text_color=&#8220;#ffffff&#8220; header_3_font_size=&#8220;38px&#8220; header_4_text_color=&#8220;#ffffff&#8220; header_4_font_size=&#8220;32px&#8220; global_colors_info=&#8220;{}&#8220;]<\/p>\n<h4 style=\"text-align: center;\" id=\"h20sk9ve5njp1gtg8xj1198tmk1bo4i62\">Senden Sie eine E-Mail an <a href=\"mailto:info@hydrotx.eu\"><strong>info@hydrotx.eu<\/strong><\/a><\/h4>\n<p>[\/et_pb_text][\/et_pb_column][\/et_pb_row][\/et_pb_section][et_pb_section fb_built=&#8220;1&#8243; module_id=&#8220;Forschung&#8220; _builder_version=&#8220;4.5.7&#8243; custom_padding=&#8220;80px||||false|false&#8220; global_colors_info=&#8220;{}&#8220;][et_pb_row column_structure=&#8220;1_2,1_2&#8243; _builder_version=&#8220;4.4.3&#8243; custom_padding=&#8220;0px|||||&#8220; global_colors_info=&#8220;{}&#8220;][et_pb_column type=&#8220;1_2&#8243; _builder_version=&#8220;4.4.3&#8243; global_colors_info=&#8220;{}&#8220;][et_pb_text _builder_version=&#8220;4.5.7&#8243; header_2_font_size=&#8220;40px&#8220; custom_margin=&#8220;||-5px|||&#8220; custom_padding=&#8220;||1px|||&#8220; global_colors_info=&#8220;{}&#8220;]<\/p>\n<h2>Das Ergebnis wissenschaftlicher Forschung<\/h2>\n<p>Forscher der Fachhochschule Saxion kehrten zu den Grundlagen zur\u00fcck, um einen Durchbruch bei der Feuchtigkeitsaufnahme zu erzielen. Sie stellten sich die Frage, wie Wasser von einer Schuhsohle in eine Textilschicht gelangt. Und welche Variablen diesen Prozess beeinflussen. Anschlie\u00dfend entwickelten sie eine neue Messmethode unter Verwendung eines physikalischen Modells. Auf diese Weise konnten sie den Einfluss einer Reihe von Variablen herausarbeiten, von der Feuchtigkeitsmenge auf verschiedene Arten von Schuhsohlen bis hin zum Druck auf die Textilunterlage in der entsprechenden Kontaktzeit. <\/p>\n<h3>In praktischen Situationen erprobt<\/h3>\n<p>Die im Labor verwendete Messmethode wurde durch visuelle Beurteilung in verschiedenen praktischen Situationen validiert. Viele Menschen wurden beobachtet, w\u00e4hrend sie mit nassen Sohlen \u00fcber verschiedene Arten von Matten und die dahinter liegenden Innenb\u00f6den gingen. Die Forscher wandten die Forschungsergebnisse und Empfehlungen dann auf die Entwicklung neuen Materials an. Der Schwerpunkt lag haupts\u00e4chlich auf den kinetischen Absorptionseigenschaften: So schnell wie m\u00f6glich viel Feuchtigkeit von einer Schuhsohle aufnehmen. Das Ergebnis ist HydroTX.<\/p>\n<p>[\/et_pb_text][\/et_pb_column][et_pb_column type=&#8220;1_2&#8243; _builder_version=&#8220;4.4.3&#8243; global_colors_info=&#8220;{}&#8220;][et_pb_text _builder_version=&#8220;4.5.7&#8243; header_2_font_size=&#8220;42px&#8220; global_colors_info=&#8220;{}&#8220;]<\/p>\n<h2>Eingangsmatten mit HydroTX absorbieren <span>bis zu <\/span>dreimal so viel Feuchtigkeit bei den ersten Schritten<\/h2>\n<p>[\/et_pb_text][et_pb_counters _builder_version=&#8220;4.5.7&#8243; custom_margin=&#8220;||50px||false|false&#8220; global_colors_info=&#8220;{}&#8220;][et_pb_counter percent=&#8220;89&#8243; bar_background_color=&#8220;#73c5c1&#8243; _builder_version=&#8220;4.5.7&#8243; title_text_color=&#8220;#319292&#8243; title_font_size=&#8220;14px&#8220; percent_font_size=&#8220;18px&#8220; background_enable_video_mp4=&#8220;on&#8220; background_enable_video_webm=&#8220;on&#8220; custom_margin=&#8220;||||false|false&#8220; custom_padding=&#8220;5px||5px||false|false&#8220; custom_css_counter_title=&#8220;padding-bottom:5px&#8220; global_colors_info=&#8220;{}&#8220; background_enable_color_default=&#8220;on&#8220; parallax_default=&#8220;off&#8220; parallax_method_default=&#8220;on&#8220; bar_background_color_default=&#8220;#7EBEC5&#8243; use_percentages=&#8220;on&#8220;]Matte mit HydroTX-Technologie[\/et_pb_counter][et_pb_counter percent=&#8220;25&#8243; bar_background_color=&#8220;#319292&#8243; _builder_version=&#8220;4.5.7&#8243; title_text_color=&#8220;#319292&#8243; title_font_size=&#8220;14px&#8220; percent_font_size=&#8220;18px&#8220; background_enable_video_mp4=&#8220;on&#8220; background_enable_video_webm=&#8220;on&#8220; custom_margin=&#8220;||||false|false&#8220; custom_padding=&#8220;5px||5px||false|false&#8220; custom_css_counter_title=&#8220;padding-bottom:5px&#8220; global_colors_info=&#8220;{}&#8220; background_enable_color_default=&#8220;on&#8220; parallax_default=&#8220;off&#8220; parallax_method_default=&#8220;on&#8220; bar_background_color_default=&#8220;#7EBEC5&#8243; use_percentages=&#8220;on&#8220;]Standardmatte A[\/et_pb_counter][et_pb_counter percent=&#8220;30&#8243; bar_background_color=&#8220;#319292&#8243; _builder_version=&#8220;4.5.7&#8243; title_text_color=&#8220;#319292&#8243; title_font_size=&#8220;14px&#8220; percent_font_size=&#8220;18px&#8220; background_enable_video_mp4=&#8220;on&#8220; background_enable_video_webm=&#8220;on&#8220; custom_margin=&#8220;||||false|false&#8220; custom_padding=&#8220;5px||5px||false|false&#8220; custom_css_counter_title=&#8220;padding-bottom:5px&#8220; global_colors_info=&#8220;{}&#8220; background_enable_color_default=&#8220;on&#8220; parallax_default=&#8220;off&#8220; parallax_method_default=&#8220;on&#8220; bar_background_color_default=&#8220;#7EBEC5&#8243; use_percentages=&#8220;on&#8220;]Standardmatte B[\/et_pb_counter][\/et_pb_counters][\/et_pb_column][\/et_pb_row][et_pb_row column_structure=&#8220;1_3,1_3,1_3&#8243; custom_padding_last_edited=&#8220;on|phone&#8220; _builder_version=&#8220;4.4.3&#8243; module_alignment=&#8220;center&#8220; custom_padding=&#8220;80px||||false|false&#8220; custom_padding_tablet=&#8220;&#8220; custom_padding_phone=&#8220;0px||||false|false&#8220; global_colors_info=&#8220;{}&#8220;][et_pb_column type=&#8220;1_3&#8243; _builder_version=&#8220;4.4.3&#8243; global_colors_info=&#8220;{}&#8220;][et_pb_circle_counter number=&#8220;99&#8243; percent_sign=&#8220;off&#8220; _builder_version=&#8220;4.4.3&#8243; number_text_color=&#8220;#086682&#8243; number_font_size=&#8220;60px&#8220; global_colors_info=&#8220;{}&#8220;][\/et_pb_circle_counter][et_pb_text _builder_version=&#8220;4.5.7&#8243; text_text_color=&#8220;#73c5c1&#8243; text_font_size=&#8220;24px&#8220; text_line_height=&#8220;1.3em&#8220; text_orientation=&#8220;center&#8220; global_colors_info=&#8220;{}&#8220;]<\/p>\n<p>99 % der Menschen wischen sich kaum oder gar nicht die F\u00fc\u00dfe ab<\/p>\n<p>[\/et_pb_text][\/et_pb_column][et_pb_column type=&#8220;1_3&#8243; _builder_version=&#8220;4.4.3&#8243; global_colors_info=&#8220;{}&#8220;][et_pb_circle_counter number=&#8220;1000&#8243; percent_sign=&#8220;off&#8220; _builder_version=&#8220;4.4.3&#8243; number_text_color=&#8220;#086682&#8243; number_font_size=&#8220;60px&#8220; global_colors_info=&#8220;{}&#8220;][\/et_pb_circle_counter][et_pb_text _builder_version=&#8220;4.5.7&#8243; text_text_color=&#8220;#73c5c1&#8243; text_font_size=&#8220;24px&#8220; text_line_height=&#8220;1.3em&#8220; text_orientation=&#8220;center&#8220; global_colors_info=&#8220;{}&#8220;]<\/p>\n<p>100 Personen tragen mindestens 1000 ml Feuchtigkeit in ein Geb\u00e4ude<\/p>\n<p>[\/et_pb_text][\/et_pb_column][et_pb_column type=&#8220;1_3&#8243; _builder_version=&#8220;4.4.3&#8243; global_colors_info=&#8220;{}&#8220;][et_pb_circle_counter number=&#8220;89&#8243; percent_sign=&#8220;off&#8220; _builder_version=&#8220;4.4.3&#8243; number_text_color=&#8220;#086682&#8243; number_font_size=&#8220;60px&#8220; global_colors_info=&#8220;{}&#8220;][\/et_pb_circle_counter][et_pb_text _builder_version=&#8220;4.5.7&#8243; text_text_color=&#8220;#73c5c1&#8243; text_font_size=&#8220;24px&#8220; text_line_height=&#8220;1.3em&#8220; text_orientation=&#8220;center&#8220; global_colors_info=&#8220;{}&#8220;]<\/p>\n<p>HydroTX absorbiert bis zu <br \/>89 % Feuchtigkeit vom ersten Schritt an<\/p>\n<p>[\/et_pb_text][\/et_pb_column][\/et_pb_row][\/et_pb_section]<\/p>\n","protected":false},"excerpt":{"rendered":"<p>Eingangsmatten mit HydroTXnehmen\u00a0in den ersten Schritten bis zu dreimal mehr Feuchtigkeit aufNassen Fu\u00dfabdr\u00fccken vorbeugen Regenwetter f\u00fchrt oft zu verschmutzten Eingangsbereichen. Standard-T\u00fcrmatten absorbieren nicht genug Feuchtigkeit, um nassen Fu\u00dfabdr\u00fccken auf dem Boden hinter der Matte vorzubeugen. Die Eingangsbereiche sehen dann unordentlich aus und k\u00f6nnen gef\u00e4hrlich sein, da man ausrutschen und auf den harten Boden fallen kann. [&hellip;]<\/p>\n","protected":false},"author":1,"featured_media":0,"parent":0,"menu_order":0,"comment_status":"closed","ping_status":"closed","template":"","meta":{"_et_pb_use_builder":"on","_et_pb_old_content":"","_et_gb_content_width":"","_exactmetrics_skip_tracking":false,"_exactmetrics_sitenote_active":false,"_exactmetrics_sitenote_note":"","_exactmetrics_sitenote_category":0,"footnotes":""},"class_list":["post-260","page","type-page","status-publish","hentry"],"_links":{"self":[{"href":"https:\/\/hydrotx.eu\/de\/wp-json\/wp\/v2\/pages\/260","targetHints":{"allow":["GET"]}}],"collection":[{"href":"https:\/\/hydrotx.eu\/de\/wp-json\/wp\/v2\/pages"}],"about":[{"href":"https:\/\/hydrotx.eu\/de\/wp-json\/wp\/v2\/types\/page"}],"author":[{"embeddable":true,"href":"https:\/\/hydrotx.eu\/de\/wp-json\/wp\/v2\/users\/1"}],"replies":[{"embeddable":true,"href":"https:\/\/hydrotx.eu\/de\/wp-json\/wp\/v2\/comments?post=260"}],"version-history":[{"count":5,"href":"https:\/\/hydrotx.eu\/de\/wp-json\/wp\/v2\/pages\/260\/revisions"}],"predecessor-version":[{"id":377,"href":"https:\/\/hydrotx.eu\/de\/wp-json\/wp\/v2\/pages\/260\/revisions\/377"}],"wp:attachment":[{"href":"https:\/\/hydrotx.eu\/de\/wp-json\/wp\/v2\/media?parent=260"}],"curies":[{"name":"wp","href":"https:\/\/api.w.org\/{rel}","templated":true}]}}